{"id":238,"date":"2022-12-15T21:19:28","date_gmt":"2022-12-15T21:19:28","guid":{"rendered":"https:\/\/dev.mediadome.at\/seisenalm\/?page_id=238"},"modified":"2022-12-15T21:21:30","modified_gmt":"2022-12-15T21:21:30","slug":"impressum","status":"publish","type":"page","link":"https:\/\/seisenalmchalet.at\/en\/impressum\/","title":{"rendered":"Imprint"},"content":{"rendered":"<div data-elementor-type=\"wp-page\" data-elementor-id=\"238\" class=\"elementor elementor-238\" data-elementor-settings=\"[]\">\n\t\t\t\t\t\t\t<div class=\"elementor-section-wrap\">\n\t\t\t\t\t\t\t<section class=\"elementor-section elementor-top-section elementor-element elementor-element-7c2c436 elementor-section-boxed elementor-section-height-default elementor-section-height-default\" data-id=\"7c2c436\" data-element_type=\"section\">\n\t\t\t\t\t\t<div class=\"elementor-container elementor-column-gap-default\">\n\t\t\t\t\t<div class=\"elementor-column elementor-col-100 elementor-top-column elementor-element elementor-element-9ce5ca3\" data-id=\"9ce5ca3\" data-element_type=\"column\">\n\t\t\t<div class=\"elementor-widget-wrap elementor-element-populated\">\n\t\t\t\t\t\t\t\t<div class=\"elementor-element elementor-element-f3b0d22 elementor-widget elementor-widget-text-editor\" data-id=\"f3b0d22\" data-element_type=\"widget\" data-widget_type=\"text-editor.default\">\n\t\t\t\t<div class=\"elementor-widget-container\">\n\t\t\t\t\t\t\t\t<p>Kontaktdaten:<\/p><p>Seisenalm<\/p><p>Grabenberg 41<\/p><p>8850 La\u00dfnitz bei Murau<\/p><p><a href=\"tel:0681 84085081\">0681 84085081<\/a><\/p><p><a href=\"mailto:office@seisenalmchalet.at\">office@seisenalmchalet.at<\/a><\/p><section class=\"elementor-section elementor-top-section elementor-element elementor-element-158122c4 elementor-section-content-middle elementor-section-boxed elementor-section-height-default elementor-section-height-default\" data-particle_enable=\"false\" data-particle-mobile-disabled=\"false\" data-id=\"158122c4\" data-element_type=\"section\"><div class=\"elementor-container elementor-column-gap-default\"><div class=\"elementor-column elementor-col-50 elementor-top-column elementor-element elementor-element-223011ca\" data-id=\"223011ca\" data-element_type=\"column\"><div class=\"elementor-widget-wrap elementor-element-populated\"><div class=\"elementor-element elementor-element-c7c2c01 elementor-widget elementor-widget-heading\" data-id=\"c7c2c01\" data-element_type=\"widget\" data-widget_type=\"heading.default\"><div class=\"elementor-widget-container\">\u00a0<\/div><\/div><\/div><\/div><\/div><\/section><p>Vertretungsberechtigte Person: Matthias Moser<br \/>Sitz des Unternehmens: Murau<br \/>Gerichtsstand: Murau<br \/>UID-Nummer: ATU<br \/>Firmenbuchnummer: FN\u00a0<\/p><p>Haftungsausschluss: Der Autor \u00fcbernimmt keinerlei Gew\u00e4hr hinsichtlich der inhaltlichen Richtigkeit, Genauigkeit, Aktualit\u00e4t, Zuverl\u00e4ssigkeit und Vollst\u00e4ndigkeit der Informationen. Haftungsanspr\u00fcche gegen den Autor wegen Sch\u00e4den materieller oder immaterieller Art, welche aus dem Zugriff oder der Nutzung bzw. Nichtnutzung der ver\u00f6ffentlichten Informationen, durch Missbrauch der Verbindung oder durch technische St\u00f6rungen entstanden sind, werden ausgeschlossen. Alle Angebote sind unverbindlich. Der Autor beh\u00e4lt es sich ausdr\u00fccklich vor, Teile der Seiten oder das gesamte Angebot ohne gesonderte Ank\u00fcndigung zu ver\u00e4ndern, zu erg\u00e4nzen, zu l\u00f6schen oder die Ver\u00f6ffentlichung zeitweise oder endg\u00fcltig einzustellen.<\/p><p>Haftung f\u00fcr Links: Verweise und Links auf Webseiten Dritter liegen ausserhalb unseres Verantwortungsbereichs Es wird jegliche Verantwortung f\u00fcr solche Webseiten abgelehnt. Der Zugriff und die Nutzung solcher Webseiten erfolgen auf eigene Gefahr des Nutzers oder der Nutzerin.<\/p><p>Urheberrechte: Die Urheber- und alle anderen Rechte an Inhalten, Bildern, Fotos oder anderen Dateien auf der Website geh\u00f6ren ausschliesslich\u00a0der Firma Mediadome Werbeagentur OG oder den speziell genannten Rechtsinhabern. F\u00fcr die Reproduktion jeglicher Elemente ist die schriftliche Zustimmung der Urheberrechtstr\u00e4ger im Voraus einzuholen.<\/p><p>Bildrechte: Mediadome Werbeagentur<\/p>\t\t\t\t\t\t<\/div>\n\t\t\t\t<\/div>\n\t\t\t\t\t<\/div>\n\t\t<\/div>\n\t\t\t\t\t\t\t<\/div>\n\t\t<\/section>\n\t\t\t\t\t\t<\/div>\n\t\t\t\t\t<\/div>","protected":false},"excerpt":{"rendered":"<p>Kontaktdaten: Seisenalm Grabenberg 41 8850 La\u00dfnitz bei Murau 0681 84085081 office@seisenalmchalet.at \u00a0 Vertretungsberechtigte Person: Matthias MoserSitz des Unternehmens: MurauGerichtsstand: MurauUID-Nummer: ATUFirmenbuchnummer: FN\u00a0 Haftungsausschluss: Der Autor \u00fcbernimmt keinerlei Gew\u00e4hr hinsichtlich der inhaltlichen Richtigkeit, Genauigkeit, Aktualit\u00e4t, Zuverl\u00e4ssigkeit und Vollst\u00e4ndigkeit der Informationen. Haftungsanspr\u00fcche gegen den Autor wegen Sch\u00e4den materieller oder immaterieller Art, welche aus dem Zugriff oder der&hellip; <a class=\"more-link\" href=\"https:\/\/seisenalmchalet.at\/en\/impressum\/\">Continue reading <span class=\"screen-reader-text\">Imprint<\/span><\/a><\/p>","protected":false},"author":1,"featured_media":0,"parent":0,"menu_order":0,"comment_status":"closed","ping_status":"closed","template":"","meta":{"footnotes":""},"class_list":["post-238","page","type-page","status-publish","hentry","entry"],"_links":{"self":[{"href":"https:\/\/seisenalmchalet.at\/en\/wp-json\/wp\/v2\/pages\/238","targetHints":{"allow":["GET"]}}],"collection":[{"href":"https:\/\/seisenalmchalet.at\/en\/wp-json\/wp\/v2\/pages"}],"about":[{"href":"https:\/\/seisenalmchalet.at\/en\/wp-json\/wp\/v2\/types\/page"}],"author":[{"embeddable":true,"href":"https:\/\/seisenalmchalet.at\/en\/wp-json\/wp\/v2\/users\/1"}],"replies":[{"embeddable":true,"href":"https:\/\/seisenalmchalet.at\/en\/wp-json\/wp\/v2\/comments?post=238"}],"version-history":[{"count":4,"href":"https:\/\/seisenalmchalet.at\/en\/wp-json\/wp\/v2\/pages\/238\/revisions"}],"predecessor-version":[{"id":242,"href":"https:\/\/seisenalmchalet.at\/en\/wp-json\/wp\/v2\/pages\/238\/revisions\/242"}],"wp:attachment":[{"href":"https:\/\/seisenalmchalet.at\/en\/wp-json\/wp\/v2\/media?parent=238"}],"curies":[{"name":"wp","href":"https:\/\/api.w.org\/{rel}","templated":true}]}}